{"id":2,"date":"2012-06-13T09:59:07","date_gmt":"2012-06-13T10:59:07","guid":{"rendered":"http:\/\/fawcettviolins.co.uk\/fr\/?page_id=2"},"modified":"2021-12-30T18:02:52","modified_gmt":"2021-12-30T19:02:52","slug":"bienvenue","status":"publish","type":"page","link":"https:\/\/fawcettviolins.co.uk\/fr\/","title":{"rendered":"Bienvenue"},"content":{"rendered":"<p><strong>Install\u00e9s dans notre atelier depuis 1983 dans le\u00a0comt\u00e9 de Suffolk, nous fabriquons des violons, altos et violoncelles avec montage baroque ou moderne. Nous offrons aussi toute une\u00a0<strong>palette<\/strong>\u00a0de services aux musiciens: r\u00e9glages, entretiens r\u00e9guliers, attestations de valeur pour assurance, r\u00e9parations, ventes et restaurations importantes.\u00a0<\/strong><strong>Voyageant souvent entre\u00a0<strong>l&rsquo;Angleterre et\u00a0<\/strong>la France, nous r\u00e9sidons \u00e0 certaines p\u00e9riodes pr\u00e8s d&rsquo;Avallon (Yonne).<\/strong><\/p>\n<p><strong>Vous pouvez venir discuter avec nous de l\u2019\u00e9tat de votre instrument et obtenir un devis gratuit. Nous accueillons les clients sur rendez-vous \u00e0 une heure qui leur convient, que ce soit dans la soir\u00e9e ou le weekend.<\/strong><\/p>\n<p><a href=\"https:\/\/fawcettviolins.co.uk\/fr\/nos-instruments\/violons-altos-et-violoncelles\/\"><img loading=\"lazy\" class=\"mouseover\" src=\"https:\/\/fawcettviolins.co.uk\/wp-content\/uploads\/2012\/06\/violin-back-1.jpg\" alt=\"\" width=\"105\" height=\"105\" data-oversrc=\"https:\/\/fawcettviolins.co.uk\/wp-content\/uploads\/2012\/06\/violin-back-f.jpg\" \/><\/a>\u00a0 \u00a0 \u00a0<a href=\"https:\/\/fawcettviolins.co.uk\/fr\/nos-instruments\/instruments-baroques\/\"><img loading=\"lazy\" class=\"mouseover\" src=\"https:\/\/fawcettviolins.co.uk\/wp-content\/uploads\/2012\/06\/bq-1.jpg\" alt=\"\" width=\"105\" height=\"105\" data-oversrc=\"https:\/\/fawcettviolins.co.uk\/wp-content\/uploads\/2012\/06\/bq-f.jpg\" \/><\/a>\u00a0 \u00a0 \u00a0<a href=\"http:\/\/fawcettviolins.co.uk\/fr\/reparations\/\"><img loading=\"lazy\" class=\"mouseover\" src=\"https:\/\/fawcettviolins.co.uk\/wp-content\/uploads\/2012\/06\/repairs-1.jpg\" alt=\"\" width=\"105\" height=\"105\" data-oversrc=\"https:\/\/fawcettviolins.co.uk\/wp-content\/uploads\/2012\/06\/repairs-f.jpg\" \/><\/a>\u00a0 \u00a0 \u00a0<a href=\"https:\/\/fawcettviolins.co.uk\/fr\/restauration\/\"><img loading=\"lazy\" class=\"mouseover\" src=\"https:\/\/fawcettviolins.co.uk\/wp-content\/uploads\/2012\/06\/resto-1.jpg\" alt=\"\" width=\"105\" height=\"105\" data-oversrc=\"https:\/\/fawcettviolins.co.uk\/wp-content\/uploads\/2012\/06\/resto-f.jpg\" \/><\/a>\u00a0 \u00a0 \u00a0<a href=\"http:\/\/fawcettviolins.co.uk\/fr\/ventes\/instruments-restaures\/\"><img loading=\"lazy\" class=\"mouseover\" src=\"https:\/\/fawcettviolins.co.uk\/wp-content\/uploads\/2012\/06\/sales-1.jpg\" alt=\"\" width=\"105\" height=\"105\" data-oversrc=\"https:\/\/fawcettviolins.co.uk\/wp-content\/uploads\/2012\/06\/sales-f.jpg\" \/><\/a>\u00a0\u00a0 \u00a0 <a href=\"https:\/\/fawcettviolins.co.uk\/fr\/profils\/\"><img loading=\"lazy\" class=\"mouseover\" src=\"https:\/\/fawcettviolins.co.uk\/wp-content\/uploads\/2012\/06\/about-1.jpg\" alt=\"\" width=\"105\" height=\"105\" data-oversrc=\"https:\/\/fawcettviolins.co.uk\/wp-content\/uploads\/2012\/06\/about-f.jpg\" \/><\/a><\/p>\n","protected":false},"excerpt":{"rendered":"<p>Install\u00e9s dans notre atelier depuis 1983 dans le\u00a0comt\u00e9 de Suffolk, nous fabriquons des violons, altos et violoncelles avec montage baroque ou moderne. Nous offrons aussi toute une\u00a0palette\u00a0de services aux musiciens: r\u00e9glages, entretiens r\u00e9guliers, attestations de valeur pour assurance, r\u00e9parations, ventes &hellip; <a href=\"https:\/\/fawcettviolins.co.uk\/fr\/\">Continuer la lecture <span class=\"meta-nav\">&rarr;<\/span><\/a><\/p>\n","protected":false},"author":1,"featured_media":0,"parent":0,"menu_order":0,"comment_status":"closed","ping_status":"closed","template":"","meta":{"ngg_post_thumbnail":0},"_links":{"self":[{"href":"https:\/\/fawcettviolins.co.uk\/fr\/wp-json\/wp\/v2\/pages\/2"}],"collection":[{"href":"https:\/\/fawcettviolins.co.uk\/fr\/wp-json\/wp\/v2\/pages"}],"about":[{"href":"https:\/\/fawcettviolins.co.uk\/fr\/wp-json\/wp\/v2\/types\/page"}],"author":[{"embeddable":true,"href":"https:\/\/fawcettviolins.co.uk\/fr\/wp-json\/wp\/v2\/users\/1"}],"replies":[{"embeddable":true,"href":"https:\/\/fawcettviolins.co.uk\/fr\/wp-json\/wp\/v2\/comments?post=2"}],"version-history":[{"count":26,"href":"https:\/\/fawcettviolins.co.uk\/fr\/wp-json\/wp\/v2\/pages\/2\/revisions"}],"predecessor-version":[{"id":192,"href":"https:\/\/fawcettviolins.co.uk\/fr\/wp-json\/wp\/v2\/pages\/2\/revisions\/192"}],"wp:attachment":[{"href":"https:\/\/fawcettviolins.co.uk\/fr\/wp-json\/wp\/v2\/media?parent=2"}],"curies":[{"name":"wp","href":"https:\/\/api.w.org\/{rel}","templated":true}]}}