{"id":23,"date":"2012-06-22T08:45:01","date_gmt":"2012-06-22T09:45:01","guid":{"rendered":"http:\/\/fawcettviolins.co.uk\/fr\/?page_id=23"},"modified":"2017-02-13T10:43:24","modified_gmt":"2017-02-13T11:43:24","slug":"nos-instruments","status":"publish","type":"page","link":"https:\/\/fawcettviolins.co.uk\/fr\/nos-instruments\/","title":{"rendered":"nos instruments"},"content":{"rendered":"<p>Inspir\u00e9s par l&rsquo;\u00e9tude rigoureuse de certains mod\u00e8les du 17\u00e8me et 18\u00e8me si\u00e8cle, nos instruments sont le fruit d&rsquo;une longue recherche personnelle dans les styles des luthiers classiques de Venise et de Cr\u00e9mone. Allez sur les pages d&rsquo;instruments pour plus de renseignements soit en cliquant sur les photos ou par la barre de menu.<\/p>\n<p><strong><\/strong><a href=\"http:\/\/fawcettviolins.co.uk\/our-instruments\/violinsviolas-and-cellos\/\"><img loading=\"lazy\" class=\"mouseover\" src=\"http:\/\/fawcettviolins.co.uk\/wp-content\/uploads\/2012\/06\/violins-1.jpg\" alt=\"\" width=\"105\" height=\"105\" data-oversrc=\"http:\/\/fawcettviolins.co.uk\/wp-content\/uploads\/2012\/06\/violins-f.jpg\" \/><\/a>\u00a0 \u00a0 \u00a0<a href=\"http:\/\/fawcettviolins.co.uk\/our-instruments\/period-instruments\/\"><img loading=\"lazy\" class=\"mouseover\" src=\"http:\/\/fawcettviolins.co.uk\/wp-content\/uploads\/2012\/06\/bq-vln-1.jpg\" alt=\"\" width=\"105\" height=\"105\" data-oversrc=\"http:\/\/fawcettviolins.co.uk\/wp-content\/uploads\/2012\/06\/bq-vln-f.jpg\" \/><\/a>\u00a0 \u00a0 \u00a0<a href=\"http:\/\/fawcettviolins.co.uk\/repairs-and-adjustments\/\"><img loading=\"lazy\" class=\"mouseover\" src=\"http:\/\/fawcettviolins.co.uk\/wp-content\/uploads\/2012\/06\/mandolin-1.jpg\" alt=\"\" width=\"105\" height=\"105\" data-oversrc=\"http:\/\/fawcettviolins.co.uk\/wp-content\/uploads\/2012\/06\/mandolin-f.jpg\" \/><\/a><\/p>\n","protected":false},"excerpt":{"rendered":"<p>Inspir\u00e9s par l&rsquo;\u00e9tude rigoureuse de certains mod\u00e8les du 17\u00e8me et 18\u00e8me si\u00e8cle, nos instruments sont le fruit d&rsquo;une longue recherche personnelle dans les styles des luthiers classiques de Venise et de Cr\u00e9mone. Allez sur les pages d&rsquo;instruments pour plus de &hellip; <a href=\"https:\/\/fawcettviolins.co.uk\/fr\/nos-instruments\/\">Continuer la lecture <span class=\"meta-nav\">&rarr;<\/span><\/a><\/p>\n","protected":false},"author":1,"featured_media":0,"parent":0,"menu_order":0,"comment_status":"closed","ping_status":"closed","template":"","meta":{"ngg_post_thumbnail":0},"_links":{"self":[{"href":"https:\/\/fawcettviolins.co.uk\/fr\/wp-json\/wp\/v2\/pages\/23"}],"collection":[{"href":"https:\/\/fawcettviolins.co.uk\/fr\/wp-json\/wp\/v2\/pages"}],"about":[{"href":"https:\/\/fawcettviolins.co.uk\/fr\/wp-json\/wp\/v2\/types\/page"}],"author":[{"embeddable":true,"href":"https:\/\/fawcettviolins.co.uk\/fr\/wp-json\/wp\/v2\/users\/1"}],"replies":[{"embeddable":true,"href":"https:\/\/fawcettviolins.co.uk\/fr\/wp-json\/wp\/v2\/comments?post=23"}],"version-history":[{"count":6,"href":"https:\/\/fawcettviolins.co.uk\/fr\/wp-json\/wp\/v2\/pages\/23\/revisions"}],"predecessor-version":[{"id":174,"href":"https:\/\/fawcettviolins.co.uk\/fr\/wp-json\/wp\/v2\/pages\/23\/revisions\/174"}],"wp:attachment":[{"href":"https:\/\/fawcettviolins.co.uk\/fr\/wp-json\/wp\/v2\/media?parent=23"}],"curies":[{"name":"wp","href":"https:\/\/api.w.org\/{rel}","templated":true}]}}