{"id":28,"date":"2012-06-22T09:10:57","date_gmt":"2012-06-22T10:10:57","guid":{"rendered":"http:\/\/fawcettviolins.co.uk\/fr\/?page_id=28"},"modified":"2021-12-30T18:04:13","modified_gmt":"2021-12-30T19:04:13","slug":"violons-altos-et-violoncelles","status":"publish","type":"page","link":"https:\/\/fawcettviolins.co.uk\/fr\/nos-instruments\/violons-altos-et-violoncelles\/","title":{"rendered":"violons, altos et violoncelles"},"content":{"rendered":"<p><img loading=\"lazy\" class=\"alignleft size-full wp-image-612\" style=\"color: inherit; font: normal normal normal 15px\/normal 'Helvetica Neue', Helvetica, Arial, sans-serif; font-style: inherit; font-weight: inherit; line-height: 1.625; border-style: solid; border-color: #dddddd; margin-top: 0.4em; float: left; display: inline; margin-right: 1.625em; height: auto; max-width: 97.5%; width: auto; margin-bottom: 1.625em; border-width: 1px; padding: 6px;\" title=\"the Grand Canal, Venice c.1740\" src=\"https:\/\/fawcettviolins.co.uk\/wp-content\/uploads\/2012\/06\/the-Grand-Canal-Venice-c.1740.jpg\" alt=\"\" width=\"1517\" height=\"142\" \/>Notre style de fabrication est directement inspir\u00e9 de celui des grands luthiers classiques italiens de Cr\u00e9mone et de Venise. Nos mod\u00e8les, sans \u00eatre des copies exactes, sont souvent bas\u00e9s sur certains instruments originaux que nous avons \u00e9tudi\u00e9s et mesur\u00e9s.<\/p>\n<p><img loading=\"lazy\" class=\"alignright  wp-image-101\" src=\"https:\/\/fawcettviolins.co.uk\/wp-content\/uploads\/2012\/06\/violin-bench-3.jpg\" alt=\"\" width=\"576\" height=\"432\" \/><\/p>\n<p>Nos <strong>violons<\/strong> les plus r\u00e9cents sont d&rsquo;apr\u00e8s Pietro Guarneri de Venise. Lorsque Pietro quitta sa ville natale de Cr\u00e9mone pour s&rsquo;installer \u00e0 Venise apr\u00e8s 1720, il y rejoignit une communaut\u00e9 de luthiers vivante et prosp\u00e8re. Venise \u00e9tant un carrefour de traditions, ses luthiers avaient d\u00e9j\u00e0 assimil\u00e9 une vari\u00e9t\u00e9 de styles comme celui de Jacob Stainer (mort en 1683 \u00e0 Absam, pr\u00e8s de Innsbruck). Pietro y ajouta sa tradition cr\u00e9monaise. Les v\u00e9nitiens avaient du flair pour les courbes \u00e9l\u00e9gantes et n&rsquo; h\u00e9sitaient pas \u00e0 former des vo\u00fbtes plus os\u00e9es que leurs contemporains cr\u00e9monais.<\/p>\n<p>&nbsp;<\/p>\n<p><img loading=\"lazy\" class=\"alignright  wp-image-102\" src=\"https:\/\/fawcettviolins.co.uk\/wp-content\/uploads\/2012\/06\/purfling.jpg\" alt=\"\" width=\"576\" height=\"431\" \/><br \/>\nNous fabriquons plusieurs tailles d\u2019<strong>altos<\/strong>: celui de A &amp; H Amati de 1615, qui \u00e9tait jou\u00e9 pendant sa longue cari\u00e8re par l\u2019altiste anglais Harry Danks, nous a servi de mod\u00e8le pour des instruments tr\u00e8s appr\u00e9ci\u00e9s. Illustr\u00e9e <a href=\"https:\/\/fawcettviolins.co.uk\/wp-content\/uploads\/2012\/06\/scrolls-3.jpg\" target=\"_blank\" rel=\"noopener\">ici<\/a> la volute de l\u2019un d\u2019eux de forme baroque. Les fr\u00e8res Amati fabriqu\u00e8rent de grands altos t\u00e9nors, comme leur p\u00e8re Andrea, avec une longueur de 457mm ( 18\u2033 ) ou plus. Beaucoup d\u2019entre eux ont \u00e9t\u00e9 recoup\u00e9s plus tard. Cependant, A &amp; H Amati semblent avoir \u00e9t\u00e9 les premiers cr\u00e9monais \u00e0 cr\u00e9er un alto plus petit. Celui-ci a une longueur d\u2019origine de 413mm (16 1\/4\u2033 ). Le \u201cHarry Danks\u201d comme nous l\u2019appelons toujours, ayant \u00e9t\u00e9 acquis par la fondation Stauffer, est d\u00e9sormais en exposition permanente dans la ville de Cr\u00e9mone. Nous travaillons actuellement sur un mod\u00e8le d\u2019une longueur de 394mm (15 1\/2\u2033) inspir\u00e9 par Benjamin Banks, luthier r\u00e9put\u00e9 du 18\u00e8me si\u00e8cle qui habitait dans la ville de Salisbury.<\/p>\n<p>&nbsp;<\/p>\n<p><img loading=\"lazy\" class=\"alignright  wp-image-600\" src=\"https:\/\/fawcettviolins.co.uk\/wp-content\/uploads\/2012\/06\/cello.jpg\" alt=\"\" width=\"385\" height=\"466\" \/>Deux de nos mod\u00e8les de <strong>violoncelles<\/strong> sont d\u2019apr\u00e8s Pietro Guarneri de Venise, dont un de taille 7\/8 dont l\u2019original \u00e9tait probablement une commande pour l\u2019Ospedale della Piet\u00e0, couvent o\u00f9 les jeunes orphelines recevaient leur \u00e9ducation musicale sous la direction de Antonio Vivaldi. D\u2019autres mod\u00e8les sont en projet: un plus grand d\u2019apr\u00e8s Pietro Guarneri et un autre plus petit (29\u201d) d\u2019apr\u00e8s Benjamin Banks.<\/p>\n<p><img loading=\"lazy\" class=\" wp-image-613 alignright\" title=\"Benjamin Banks was churchwarden of St Thomas's Salisbury (to the left)\" src=\"https:\/\/fawcettviolins.co.uk\/wp-content\/uploads\/2012\/06\/Benjamin-Banks-was-churchwarden-of-St-Thomass-Salisbury-on-the-left.jpg\" alt=\"\" width=\"1517\" height=\"142\" \/><\/p>\n","protected":false},"excerpt":{"rendered":"<p>Notre style de fabrication est directement inspir\u00e9 de celui des grands luthiers classiques italiens de Cr\u00e9mone et de Venise. Nos mod\u00e8les, sans \u00eatre des copies exactes, sont souvent bas\u00e9s sur certains instruments originaux que nous avons \u00e9tudi\u00e9s et mesur\u00e9s. Nos &hellip; <a href=\"https:\/\/fawcettviolins.co.uk\/fr\/nos-instruments\/violons-altos-et-violoncelles\/\">Continuer la lecture <span class=\"meta-nav\">&rarr;<\/span><\/a><\/p>\n","protected":false},"author":1,"featured_media":0,"parent":23,"menu_order":0,"comment_status":"closed","ping_status":"closed","template":"","meta":{"ngg_post_thumbnail":0},"_links":{"self":[{"href":"https:\/\/fawcettviolins.co.uk\/fr\/wp-json\/wp\/v2\/pages\/28"}],"collection":[{"href":"https:\/\/fawcettviolins.co.uk\/fr\/wp-json\/wp\/v2\/pages"}],"about":[{"href":"https:\/\/fawcettviolins.co.uk\/fr\/wp-json\/wp\/v2\/types\/page"}],"author":[{"embeddable":true,"href":"https:\/\/fawcettviolins.co.uk\/fr\/wp-json\/wp\/v2\/users\/1"}],"replies":[{"embeddable":true,"href":"https:\/\/fawcettviolins.co.uk\/fr\/wp-json\/wp\/v2\/comments?post=28"}],"version-history":[{"count":13,"href":"https:\/\/fawcettviolins.co.uk\/fr\/wp-json\/wp\/v2\/pages\/28\/revisions"}],"predecessor-version":[{"id":193,"href":"https:\/\/fawcettviolins.co.uk\/fr\/wp-json\/wp\/v2\/pages\/28\/revisions\/193"}],"up":[{"embeddable":true,"href":"https:\/\/fawcettviolins.co.uk\/fr\/wp-json\/wp\/v2\/pages\/23"}],"wp:attachment":[{"href":"https:\/\/fawcettviolins.co.uk\/fr\/wp-json\/wp\/v2\/media?parent=28"}],"curies":[{"name":"wp","href":"https:\/\/api.w.org\/{rel}","templated":true}]}}