{"id":42,"date":"2012-06-22T09:44:52","date_gmt":"2012-06-22T10:44:52","guid":{"rendered":"http:\/\/fawcettviolins.co.uk\/fr\/?page_id=42"},"modified":"2017-02-13T10:44:31","modified_gmt":"2017-02-13T11:44:31","slug":"mandoline","status":"publish","type":"page","link":"https:\/\/fawcettviolins.co.uk\/fr\/nos-instruments\/mandoline\/","title":{"rendered":"mandoline"},"content":{"rendered":"<p>Notre expertise est surtout concentr\u00e9e sur la famille des instruments du quatuor. Cependant, dans la tradition des luthiers du 18\u00e8me si\u00e8cle, nous n&rsquo;h\u00e9sitons pas \u00e0 \u00e9largir le cercle de nos exp\u00e9riences en acceptant des commandes d&rsquo;instruments diff\u00e9rents, telle la mandoline, ou plut\u00f4t mandola, confectionn\u00e9e pour l&rsquo;\u00e9crivain Louis de Berni\u00e8res, avec un dos arrondi compos\u00e9 de 7 \u00e9clisses.<\/p>\n<p><center>\n\n<div class=\"ngg-galleryoverview ngg-slideshow\"\n\t id=\"ngg-slideshow-d9f106f1e5141e873328967f74318c88-5654454180\"\n     data-gallery-id=\"d9f106f1e5141e873328967f74318c88\"\n     style=\"max-width: 800px; max-height: 600px;\">\n\n \t<div id=\"ngg-image-0\" class=\"ngg-gallery-slideshow-image\" style=\"height:600px\">\n\n        <a href=\"https:\/\/fawcettviolins.co.uk\/fr\/wp-content\/blogs.dir\/2\/files\/mandolin\/img_2889.jpg\"\n           title=\"\"\n           data-src=\"https:\/\/fawcettviolins.co.uk\/fr\/wp-content\/blogs.dir\/2\/files\/mandolin\/img_2889.jpg\"\n           data-thumbnail=\"https:\/\/fawcettviolins.co.uk\/fr\/wp-content\/blogs.dir\/2\/files\/mandolin\/thumbs\/thumbs_img_2889.jpg\"\n           data-image-id=\"17\"\n           data-title=\"img_2889\"\n           data-description=\"\"\n           class=\"shutterset_d9f106f1e5141e873328967f74318c88\">\n\n            <img data-image-id='17'\n                 title=\"\"\n                 alt=\"img_2889\"\n                 src=\"https:\/\/fawcettviolins.co.uk\/fr\/wp-content\/blogs.dir\/2\/files\/mandolin\/img_2889.jpg\"\n                 style=\"max-height: 580px;\"\/>\n        <\/a>\n\n        <\/div> \n<div id=\"ngg-image-1\" class=\"ngg-gallery-slideshow-image\" style=\"height:600px\">\n\n        <a href=\"https:\/\/fawcettviolins.co.uk\/fr\/wp-content\/blogs.dir\/2\/files\/mandolin\/img_2932.jpg\"\n           title=\"\"\n           data-src=\"https:\/\/fawcettviolins.co.uk\/fr\/wp-content\/blogs.dir\/2\/files\/mandolin\/img_2932.jpg\"\n           data-thumbnail=\"https:\/\/fawcettviolins.co.uk\/fr\/wp-content\/blogs.dir\/2\/files\/mandolin\/thumbs\/thumbs_img_2932.jpg\"\n           data-image-id=\"18\"\n           data-title=\"img_2932\"\n           data-description=\"\"\n           class=\"shutterset_d9f106f1e5141e873328967f74318c88\">\n\n            <img data-image-id='18'\n                 title=\"\"\n                 alt=\"img_2932\"\n                 src=\"https:\/\/fawcettviolins.co.uk\/fr\/wp-content\/blogs.dir\/2\/files\/mandolin\/img_2932.jpg\"\n                 style=\"max-height: 580px;\"\/>\n        <\/a>\n\n        <\/div> \n<div id=\"ngg-image-2\" class=\"ngg-gallery-slideshow-image\" style=\"height:600px\">\n\n        <a href=\"https:\/\/fawcettviolins.co.uk\/fr\/wp-content\/blogs.dir\/2\/files\/mandolin\/img_2947.jpg\"\n           title=\"\"\n           data-src=\"https:\/\/fawcettviolins.co.uk\/fr\/wp-content\/blogs.dir\/2\/files\/mandolin\/img_2947.jpg\"\n           data-thumbnail=\"https:\/\/fawcettviolins.co.uk\/fr\/wp-content\/blogs.dir\/2\/files\/mandolin\/thumbs\/thumbs_img_2947.jpg\"\n           data-image-id=\"19\"\n           data-title=\"img_2947\"\n           data-description=\"\"\n           class=\"shutterset_d9f106f1e5141e873328967f74318c88\">\n\n            <img data-image-id='19'\n                 title=\"\"\n                 alt=\"img_2947\"\n                 src=\"https:\/\/fawcettviolins.co.uk\/fr\/wp-content\/blogs.dir\/2\/files\/mandolin\/img_2947.jpg\"\n                 style=\"max-height: 580px;\"\/>\n        <\/a>\n\n        <\/div> \n<div id=\"ngg-image-3\" class=\"ngg-gallery-slideshow-image\" style=\"height:600px\">\n\n        <a href=\"https:\/\/fawcettviolins.co.uk\/fr\/wp-content\/blogs.dir\/2\/files\/mandolin\/img_2956.jpg\"\n           title=\"\"\n           data-src=\"https:\/\/fawcettviolins.co.uk\/fr\/wp-content\/blogs.dir\/2\/files\/mandolin\/img_2956.jpg\"\n           data-thumbnail=\"https:\/\/fawcettviolins.co.uk\/fr\/wp-content\/blogs.dir\/2\/files\/mandolin\/thumbs\/thumbs_img_2956.jpg\"\n           data-image-id=\"20\"\n           data-title=\"img_2956\"\n           data-description=\"\"\n           class=\"shutterset_d9f106f1e5141e873328967f74318c88\">\n\n            <img data-image-id='20'\n                 title=\"\"\n                 alt=\"img_2956\"\n                 src=\"https:\/\/fawcettviolins.co.uk\/fr\/wp-content\/blogs.dir\/2\/files\/mandolin\/img_2956.jpg\"\n                 style=\"max-height: 580px;\"\/>\n        <\/a>\n\n        <\/div> \n<div id=\"ngg-image-4\" class=\"ngg-gallery-slideshow-image\" style=\"height:600px\">\n\n        <a href=\"https:\/\/fawcettviolins.co.uk\/fr\/wp-content\/blogs.dir\/2\/files\/mandolin\/img_2957.jpg\"\n           title=\"\"\n           data-src=\"https:\/\/fawcettviolins.co.uk\/fr\/wp-content\/blogs.dir\/2\/files\/mandolin\/img_2957.jpg\"\n           data-thumbnail=\"https:\/\/fawcettviolins.co.uk\/fr\/wp-content\/blogs.dir\/2\/files\/mandolin\/thumbs\/thumbs_img_2957.jpg\"\n           data-image-id=\"21\"\n           data-title=\"img_2957\"\n           data-description=\"\"\n           class=\"shutterset_d9f106f1e5141e873328967f74318c88\">\n\n            <img data-image-id='21'\n                 title=\"\"\n                 alt=\"img_2957\"\n                 src=\"https:\/\/fawcettviolins.co.uk\/fr\/wp-content\/blogs.dir\/2\/files\/mandolin\/img_2957.jpg\"\n                 style=\"max-height: 580px;\"\/>\n        <\/a>\n\n        <\/div> \n<div id=\"ngg-image-5\" class=\"ngg-gallery-slideshow-image\" style=\"height:600px\">\n\n        <a href=\"https:\/\/fawcettviolins.co.uk\/fr\/wp-content\/blogs.dir\/2\/files\/mandolin\/img_2967.jpg\"\n           title=\"\"\n           data-src=\"https:\/\/fawcettviolins.co.uk\/fr\/wp-content\/blogs.dir\/2\/files\/mandolin\/img_2967.jpg\"\n           data-thumbnail=\"https:\/\/fawcettviolins.co.uk\/fr\/wp-content\/blogs.dir\/2\/files\/mandolin\/thumbs\/thumbs_img_2967.jpg\"\n           data-image-id=\"22\"\n           data-title=\"img_2967\"\n           data-description=\"\"\n           class=\"shutterset_d9f106f1e5141e873328967f74318c88\">\n\n            <img data-image-id='22'\n                 title=\"\"\n                 alt=\"img_2967\"\n                 src=\"https:\/\/fawcettviolins.co.uk\/fr\/wp-content\/blogs.dir\/2\/files\/mandolin\/img_2967.jpg\"\n                 style=\"max-height: 580px;\"\/>\n        <\/a>\n\n        <\/div> \n<div id=\"ngg-image-6\" class=\"ngg-gallery-slideshow-image\" style=\"height:600px\">\n\n        <a href=\"https:\/\/fawcettviolins.co.uk\/fr\/wp-content\/blogs.dir\/2\/files\/mandolin\/img_2969.jpg\"\n           title=\"\"\n           data-src=\"https:\/\/fawcettviolins.co.uk\/fr\/wp-content\/blogs.dir\/2\/files\/mandolin\/img_2969.jpg\"\n           data-thumbnail=\"https:\/\/fawcettviolins.co.uk\/fr\/wp-content\/blogs.dir\/2\/files\/mandolin\/thumbs\/thumbs_img_2969.jpg\"\n           data-image-id=\"23\"\n           data-title=\"img_2969\"\n           data-description=\"\"\n           class=\"shutterset_d9f106f1e5141e873328967f74318c88\">\n\n            <img data-image-id='23'\n                 title=\"\"\n                 alt=\"img_2969\"\n                 src=\"https:\/\/fawcettviolins.co.uk\/fr\/wp-content\/blogs.dir\/2\/files\/mandolin\/img_2969.jpg\"\n                 style=\"max-height: 580px;\"\/>\n        <\/a>\n\n        <\/div> \n<div id=\"ngg-image-7\" class=\"ngg-gallery-slideshow-image\" style=\"height:600px\">\n\n        <a href=\"https:\/\/fawcettviolins.co.uk\/fr\/wp-content\/blogs.dir\/2\/files\/mandolin\/img_3021.jpg\"\n           title=\"\"\n           data-src=\"https:\/\/fawcettviolins.co.uk\/fr\/wp-content\/blogs.dir\/2\/files\/mandolin\/img_3021.jpg\"\n           data-thumbnail=\"https:\/\/fawcettviolins.co.uk\/fr\/wp-content\/blogs.dir\/2\/files\/mandolin\/thumbs\/thumbs_img_3021.jpg\"\n           data-image-id=\"24\"\n           data-title=\"img_3021\"\n           data-description=\"\"\n           class=\"shutterset_d9f106f1e5141e873328967f74318c88\">\n\n            <img data-image-id='24'\n                 title=\"\"\n                 alt=\"img_3021\"\n                 src=\"https:\/\/fawcettviolins.co.uk\/fr\/wp-content\/blogs.dir\/2\/files\/mandolin\/img_3021.jpg\"\n                 style=\"max-height: 580px;\"\/>\n        <\/a>\n\n        <\/div> \n<div id=\"ngg-image-8\" class=\"ngg-gallery-slideshow-image\" style=\"height:600px\">\n\n        <a href=\"https:\/\/fawcettviolins.co.uk\/fr\/wp-content\/blogs.dir\/2\/files\/mandolin\/img_2751.jpg\"\n           title=\"\"\n           data-src=\"https:\/\/fawcettviolins.co.uk\/fr\/wp-content\/blogs.dir\/2\/files\/mandolin\/img_2751.jpg\"\n           data-thumbnail=\"https:\/\/fawcettviolins.co.uk\/fr\/wp-content\/blogs.dir\/2\/files\/mandolin\/thumbs\/thumbs_img_2751.jpg\"\n           data-image-id=\"16\"\n           data-title=\"img_2751\"\n           data-description=\"\"\n           class=\"shutterset_d9f106f1e5141e873328967f74318c88\">\n\n            <img data-image-id='16'\n                 title=\"\"\n                 alt=\"img_2751\"\n                 src=\"https:\/\/fawcettviolins.co.uk\/fr\/wp-content\/blogs.dir\/2\/files\/mandolin\/img_2751.jpg\"\n                 style=\"max-height: 580px;\"\/>\n        <\/a>\n\n        <\/div> \n<\/div>\n\n\n\n<\/center><\/p>\n","protected":false},"excerpt":{"rendered":"<p>Notre expertise est surtout concentr\u00e9e sur la famille des instruments du quatuor. Cependant, dans la tradition des luthiers du 18\u00e8me si\u00e8cle, nous n&rsquo;h\u00e9sitons pas \u00e0 \u00e9largir le cercle de nos exp\u00e9riences en acceptant des commandes d&rsquo;instruments diff\u00e9rents, telle la mandoline, &hellip; <a href=\"https:\/\/fawcettviolins.co.uk\/fr\/nos-instruments\/mandoline\/\">Continuer la lecture <span class=\"meta-nav\">&rarr;<\/span><\/a><\/p>\n","protected":false},"author":1,"featured_media":0,"parent":23,"menu_order":3,"comment_status":"closed","ping_status":"closed","template":"","meta":{"ngg_post_thumbnail":0},"_links":{"self":[{"href":"https:\/\/fawcettviolins.co.uk\/fr\/wp-json\/wp\/v2\/pages\/42"}],"collection":[{"href":"https:\/\/fawcettviolins.co.uk\/fr\/wp-json\/wp\/v2\/pages"}],"about":[{"href":"https:\/\/fawcettviolins.co.uk\/fr\/wp-json\/wp\/v2\/types\/page"}],"author":[{"embeddable":true,"href":"https:\/\/fawcettviolins.co.uk\/fr\/wp-json\/wp\/v2\/users\/1"}],"replies":[{"embeddable":true,"href":"https:\/\/fawcettviolins.co.uk\/fr\/wp-json\/wp\/v2\/comments?post=42"}],"version-history":[{"count":3,"href":"https:\/\/fawcettviolins.co.uk\/fr\/wp-json\/wp\/v2\/pages\/42\/revisions"}],"predecessor-version":[{"id":176,"href":"https:\/\/fawcettviolins.co.uk\/fr\/wp-json\/wp\/v2\/pages\/42\/revisions\/176"}],"up":[{"embeddable":true,"href":"https:\/\/fawcettviolins.co.uk\/fr\/wp-json\/wp\/v2\/pages\/23"}],"wp:attachment":[{"href":"https:\/\/fawcettviolins.co.uk\/fr\/wp-json\/wp\/v2\/media?parent=42"}],"curies":[{"name":"wp","href":"https:\/\/api.w.org\/{rel}","templated":true}]}}