{"id":44,"date":"2012-06-22T09:47:12","date_gmt":"2012-06-22T10:47:12","guid":{"rendered":"http:\/\/fawcettviolins.co.uk\/fr\/?page_id=44"},"modified":"2021-12-30T18:07:35","modified_gmt":"2021-12-30T19:07:35","slug":"reparations","status":"publish","type":"page","link":"https:\/\/fawcettviolins.co.uk\/fr\/atelier\/reparations\/","title":{"rendered":"r\u00e9parations"},"content":{"rendered":"<p><img loading=\"lazy\" class=\"alignright  wp-image-75\" src=\"https:\/\/fawcettviolins.co.uk\/wp-content\/uploads\/2012\/06\/new-bridge.jpg\" alt=\"\" width=\"512\" height=\"383\" \/><\/p>\n<p>Tout instrument sonne mieux lorsqu&rsquo;il est r\u00e9gl\u00e9 minutieusement, qu&rsquo;il soit basique, fabriqu\u00e9 en usine, ou de la plus grande qualit\u00e9. Nous offrons nos conseils sur l&rsquo;\u00e9tat de n&rsquo;importe quel instrument, et discutons avec le propri\u00e9taire de la meilleure solution pour obtenir une condition et un son optimis\u00e9s. Nos recommendations prennent en consid\u00e9ration la valeur de l&rsquo;instrument en question et les d\u00e9sirs du client.<\/p>\n<p>Le renversement correct du manche est souvent la clef pour obtenir un son optimum. C&rsquo;est sp\u00e9cialement le cas des violoncelles o\u00f9 un manque de pr\u00e9cision dans l&#8217;emmanchement peut cr\u00e9er de nombreux probl\u00e8mes au niveau du chevalet.<\/p>\n<p>Les r\u00e9parations dans notre atelier varient d&rsquo;ajustement d&rsquo;\u00e2me et de chevalets, nouveaux bords et r\u00e9parations cosm\u00e9tiques, jusqu&rsquo;aux r\u00e9parations majeures apr\u00e8s un accident.<\/p>\n<p>Le violon illustr\u00e9 ci-dessous a \u00e9t\u00e9 \u00e9cras\u00e9 par le haillon arri\u00e8re d&rsquo;une voiture, son \u00e9tui n&rsquo;ayant pas offert assez de protection. Voir aussi la page de <a title=\"restauration\" href=\"https:\/\/fawcettviolins.co.uk\/fr\/restauration\/\">restauration.<\/a><\/p>\n<p><img loading=\"lazy\" class=\"alignnone  wp-image-249\" title=\"multiple soundpost and bass bar cracks\" src=\"https:\/\/fawcettviolins.co.uk\/wp-content\/uploads\/2012\/06\/2.jpg\" alt=\"\" width=\"210\" height=\"126\" \/>\u00a0 \u00a0 \u00a0<img loading=\"lazy\" class=\"alignnone  wp-image-248\" title=\"front in full plaster cast\" src=\"https:\/\/fawcettviolins.co.uk\/wp-content\/uploads\/2012\/06\/1.jpg\" alt=\"\" width=\"210\" height=\"126\" \/>\u00a0 \u00a0 \u00a0<img loading=\"lazy\" class=\"alignnone  wp-image-242\" title=\"finished repair\" src=\"https:\/\/fawcettviolins.co.uk\/wp-content\/uploads\/2012\/06\/4.jpg\" alt=\"\" width=\"210\" height=\"126\" \/><\/p>\n<p>&nbsp;<\/p>\n","protected":false},"excerpt":{"rendered":"<p>Tout instrument sonne mieux lorsqu&rsquo;il est r\u00e9gl\u00e9 minutieusement, qu&rsquo;il soit basique, fabriqu\u00e9 en usine, ou de la plus grande qualit\u00e9. Nous offrons nos conseils sur l&rsquo;\u00e9tat de n&rsquo;importe quel instrument, et discutons avec le propri\u00e9taire de la meilleure solution pour &hellip; <a href=\"https:\/\/fawcettviolins.co.uk\/fr\/atelier\/reparations\/\">Continuer la lecture <span class=\"meta-nav\">&rarr;<\/span><\/a><\/p>\n","protected":false},"author":1,"featured_media":0,"parent":124,"menu_order":1,"comment_status":"closed","ping_status":"closed","template":"","meta":{"ngg_post_thumbnail":0},"_links":{"self":[{"href":"https:\/\/fawcettviolins.co.uk\/fr\/wp-json\/wp\/v2\/pages\/44"}],"collection":[{"href":"https:\/\/fawcettviolins.co.uk\/fr\/wp-json\/wp\/v2\/pages"}],"about":[{"href":"https:\/\/fawcettviolins.co.uk\/fr\/wp-json\/wp\/v2\/types\/page"}],"author":[{"embeddable":true,"href":"https:\/\/fawcettviolins.co.uk\/fr\/wp-json\/wp\/v2\/users\/1"}],"replies":[{"embeddable":true,"href":"https:\/\/fawcettviolins.co.uk\/fr\/wp-json\/wp\/v2\/comments?post=44"}],"version-history":[{"count":10,"href":"https:\/\/fawcettviolins.co.uk\/fr\/wp-json\/wp\/v2\/pages\/44\/revisions"}],"predecessor-version":[{"id":195,"href":"https:\/\/fawcettviolins.co.uk\/fr\/wp-json\/wp\/v2\/pages\/44\/revisions\/195"}],"up":[{"embeddable":true,"href":"https:\/\/fawcettviolins.co.uk\/fr\/wp-json\/wp\/v2\/pages\/124"}],"wp:attachment":[{"href":"https:\/\/fawcettviolins.co.uk\/fr\/wp-json\/wp\/v2\/media?parent=44"}],"curies":[{"name":"wp","href":"https:\/\/api.w.org\/{rel}","templated":true}]}}