{"id":46,"date":"2012-06-22T10:12:36","date_gmt":"2012-06-22T11:12:36","guid":{"rendered":"http:\/\/fawcettviolins.co.uk\/fr\/?page_id=46"},"modified":"2017-02-13T10:45:10","modified_gmt":"2017-02-13T11:45:10","slug":"restauration","status":"publish","type":"page","link":"https:\/\/fawcettviolins.co.uk\/fr\/atelier\/restauration\/","title":{"rendered":"restauration"},"content":{"rendered":"<p>La distinction entre <a title=\"r\u00e9parations\" href=\"http:\/\/fawcettviolins.co.uk\/fr\/reparations\/\">r\u00e9paration<\/a> et restauration peut \u00eatre subtile. Ce n\u2019est pas toujours une question d\u2019importance; par exemple un accident majeur peut entra\u00eener une r\u00e9paration longue et difficile. La restauration est d\u00e9finie par le besoin souvent pr\u00e9sent de red\u00e9faire des essais de r\u00e9parations ant\u00e9rieures malheureuses et de redresser des ann\u00e9es de n\u00e9gligence afin de rapprocher l&rsquo;instrument de son \u00e9tat premier.<\/p>\n<p>Nous avons accumul\u00e9 une exp\u00e9rience consid\u00e9rable dans ce domaine et nous nous tenons au courant des derni\u00e8res techniques de restauration qui penchent de plus en plus vers l&rsquo;importance de la conservation de bois original. Les deux diaporamas ci-dessous montrent quelques images d&rsquo;un violon \u00ab\u00a0avant\u00a0\u00bb et \u00ab\u00a0apr\u00e8s\u00a0\u00bb.\n\n<div class=\"ngg-galleryoverview ngg-slideshow\"\n\t id=\"ngg-slideshow-86ba31d588841c0262d182aa59838312-1307274130\"\n     data-gallery-id=\"86ba31d588841c0262d182aa59838312\"\n     style=\"max-width: 800px; max-height: 600px;\">\n\n \t<div id=\"ngg-image-0\" class=\"ngg-gallery-slideshow-image\" style=\"height:600px\">\n\n        <a href=\"https:\/\/fawcettviolins.co.uk\/fr\/wp-content\/blogs.dir\/2\/files\/thompson-before\/img_0220.jpg\"\n           title=\"\"\n           data-src=\"https:\/\/fawcettviolins.co.uk\/fr\/wp-content\/blogs.dir\/2\/files\/thompson-before\/img_0220.jpg\"\n           data-thumbnail=\"https:\/\/fawcettviolins.co.uk\/fr\/wp-content\/blogs.dir\/2\/files\/thompson-before\/thumbs\/thumbs_img_0220.jpg\"\n           data-image-id=\"1\"\n           data-title=\"img_0220\"\n           data-description=\"\"\n           class=\"shutterset_86ba31d588841c0262d182aa59838312\">\n\n            <img data-image-id='1'\n                 title=\"\"\n                 alt=\"img_0220\"\n                 src=\"https:\/\/fawcettviolins.co.uk\/fr\/wp-content\/blogs.dir\/2\/files\/thompson-before\/img_0220.jpg\"\n                 style=\"max-height: 580px;\"\/>\n        <\/a>\n\n        <\/div> \n<div id=\"ngg-image-1\" class=\"ngg-gallery-slideshow-image\" style=\"height:600px\">\n\n        <a href=\"https:\/\/fawcettviolins.co.uk\/fr\/wp-content\/blogs.dir\/2\/files\/thompson-before\/img_1763.jpg\"\n           title=\"\"\n           data-src=\"https:\/\/fawcettviolins.co.uk\/fr\/wp-content\/blogs.dir\/2\/files\/thompson-before\/img_1763.jpg\"\n           data-thumbnail=\"https:\/\/fawcettviolins.co.uk\/fr\/wp-content\/blogs.dir\/2\/files\/thompson-before\/thumbs\/thumbs_img_1763.jpg\"\n           data-image-id=\"2\"\n           data-title=\"img_1763\"\n           data-description=\"\"\n           class=\"shutterset_86ba31d588841c0262d182aa59838312\">\n\n            <img data-image-id='2'\n                 title=\"\"\n                 alt=\"img_1763\"\n                 src=\"https:\/\/fawcettviolins.co.uk\/fr\/wp-content\/blogs.dir\/2\/files\/thompson-before\/img_1763.jpg\"\n                 style=\"max-height: 580px;\"\/>\n        <\/a>\n\n        <\/div> \n<div id=\"ngg-image-2\" class=\"ngg-gallery-slideshow-image\" style=\"height:600px\">\n\n        <a href=\"https:\/\/fawcettviolins.co.uk\/fr\/wp-content\/blogs.dir\/2\/files\/thompson-before\/img_1775.jpg\"\n           title=\"\"\n           data-src=\"https:\/\/fawcettviolins.co.uk\/fr\/wp-content\/blogs.dir\/2\/files\/thompson-before\/img_1775.jpg\"\n           data-thumbnail=\"https:\/\/fawcettviolins.co.uk\/fr\/wp-content\/blogs.dir\/2\/files\/thompson-before\/thumbs\/thumbs_img_1775.jpg\"\n           data-image-id=\"3\"\n           data-title=\"img_1775\"\n           data-description=\"\"\n           class=\"shutterset_86ba31d588841c0262d182aa59838312\">\n\n            <img data-image-id='3'\n                 title=\"\"\n                 alt=\"img_1775\"\n                 src=\"https:\/\/fawcettviolins.co.uk\/fr\/wp-content\/blogs.dir\/2\/files\/thompson-before\/img_1775.jpg\"\n                 style=\"max-height: 580px;\"\/>\n        <\/a>\n\n        <\/div> \n<div id=\"ngg-image-3\" class=\"ngg-gallery-slideshow-image\" style=\"height:600px\">\n\n        <a href=\"https:\/\/fawcettviolins.co.uk\/fr\/wp-content\/blogs.dir\/2\/files\/thompson-before\/thompson-1.jpg\"\n           title=\"\"\n           data-src=\"https:\/\/fawcettviolins.co.uk\/fr\/wp-content\/blogs.dir\/2\/files\/thompson-before\/thompson-1.jpg\"\n           data-thumbnail=\"https:\/\/fawcettviolins.co.uk\/fr\/wp-content\/blogs.dir\/2\/files\/thompson-before\/thumbs\/thumbs_thompson-1.jpg\"\n           data-image-id=\"4\"\n           data-title=\"thompson-1\"\n           data-description=\"\"\n           class=\"shutterset_86ba31d588841c0262d182aa59838312\">\n\n            <img data-image-id='4'\n                 title=\"\"\n                 alt=\"thompson-1\"\n                 src=\"https:\/\/fawcettviolins.co.uk\/fr\/wp-content\/blogs.dir\/2\/files\/thompson-before\/thompson-1.jpg\"\n                 style=\"max-height: 580px;\"\/>\n        <\/a>\n\n        <\/div> \n<\/div>\n\n\n\n<\/p>\n<p>Violon int\u00e9ressant, anglais de 1774 avec un manche et une barre d\u2019origine, cet instrument a souffert sous des mains inexpertes au niveau du joint du manche, de la touche avec l&rsquo;utilisation en exc\u00e8s de colles modernes inadapt\u00e9es. Nous avons achev\u00e9 sa restauration compl\u00e8te avec montage fin 18\u00e8me si\u00e8cle selon les d\u00e9sirs du client.\n\n<div class=\"ngg-galleryoverview ngg-slideshow\"\n\t id=\"ngg-slideshow-6d398169fd2e567861a80c817c8e8b3c-8739685200\"\n     data-gallery-id=\"6d398169fd2e567861a80c817c8e8b3c\"\n     style=\"max-width: 800px; max-height: 600px;\">\n\n \t<div id=\"ngg-image-0\" class=\"ngg-gallery-slideshow-image\" style=\"height:600px\">\n\n        <a href=\"https:\/\/fawcettviolins.co.uk\/fr\/wp-content\/blogs.dir\/2\/files\/thompson-after\/img_0179_3.jpg\"\n           title=\"\"\n           data-src=\"https:\/\/fawcettviolins.co.uk\/fr\/wp-content\/blogs.dir\/2\/files\/thompson-after\/img_0179_3.jpg\"\n           data-thumbnail=\"https:\/\/fawcettviolins.co.uk\/fr\/wp-content\/blogs.dir\/2\/files\/thompson-after\/thumbs\/thumbs_img_0179_3.jpg\"\n           data-image-id=\"5\"\n           data-title=\"img_0179_3\"\n           data-description=\"\"\n           class=\"shutterset_6d398169fd2e567861a80c817c8e8b3c\">\n\n            <img data-image-id='5'\n                 title=\"\"\n                 alt=\"img_0179_3\"\n                 src=\"https:\/\/fawcettviolins.co.uk\/fr\/wp-content\/blogs.dir\/2\/files\/thompson-after\/img_0179_3.jpg\"\n                 style=\"max-height: 580px;\"\/>\n        <\/a>\n\n        <\/div> \n<div id=\"ngg-image-1\" class=\"ngg-gallery-slideshow-image\" style=\"height:600px\">\n\n        <a href=\"https:\/\/fawcettviolins.co.uk\/fr\/wp-content\/blogs.dir\/2\/files\/thompson-after\/img_0188_2.jpg\"\n           title=\"\"\n           data-src=\"https:\/\/fawcettviolins.co.uk\/fr\/wp-content\/blogs.dir\/2\/files\/thompson-after\/img_0188_2.jpg\"\n           data-thumbnail=\"https:\/\/fawcettviolins.co.uk\/fr\/wp-content\/blogs.dir\/2\/files\/thompson-after\/thumbs\/thumbs_img_0188_2.jpg\"\n           data-image-id=\"6\"\n           data-title=\"img_0188_2\"\n           data-description=\"\"\n           class=\"shutterset_6d398169fd2e567861a80c817c8e8b3c\">\n\n            <img data-image-id='6'\n                 title=\"\"\n                 alt=\"img_0188_2\"\n                 src=\"https:\/\/fawcettviolins.co.uk\/fr\/wp-content\/blogs.dir\/2\/files\/thompson-after\/img_0188_2.jpg\"\n                 style=\"max-height: 580px;\"\/>\n        <\/a>\n\n        <\/div> \n<div id=\"ngg-image-2\" class=\"ngg-gallery-slideshow-image\" style=\"height:600px\">\n\n        <a href=\"https:\/\/fawcettviolins.co.uk\/fr\/wp-content\/blogs.dir\/2\/files\/thompson-after\/img_0190_4.jpg\"\n           title=\"\"\n           data-src=\"https:\/\/fawcettviolins.co.uk\/fr\/wp-content\/blogs.dir\/2\/files\/thompson-after\/img_0190_4.jpg\"\n           data-thumbnail=\"https:\/\/fawcettviolins.co.uk\/fr\/wp-content\/blogs.dir\/2\/files\/thompson-after\/thumbs\/thumbs_img_0190_4.jpg\"\n           data-image-id=\"7\"\n           data-title=\"img_0190_4\"\n           data-description=\"\"\n           class=\"shutterset_6d398169fd2e567861a80c817c8e8b3c\">\n\n            <img data-image-id='7'\n                 title=\"\"\n                 alt=\"img_0190_4\"\n                 src=\"https:\/\/fawcettviolins.co.uk\/fr\/wp-content\/blogs.dir\/2\/files\/thompson-after\/img_0190_4.jpg\"\n                 style=\"max-height: 580px;\"\/>\n        <\/a>\n\n        <\/div> \n<div id=\"ngg-image-3\" class=\"ngg-gallery-slideshow-image\" style=\"height:600px\">\n\n        <a href=\"https:\/\/fawcettviolins.co.uk\/fr\/wp-content\/blogs.dir\/2\/files\/thompson-after\/img_0201_4.jpg\"\n           title=\"\"\n           data-src=\"https:\/\/fawcettviolins.co.uk\/fr\/wp-content\/blogs.dir\/2\/files\/thompson-after\/img_0201_4.jpg\"\n           data-thumbnail=\"https:\/\/fawcettviolins.co.uk\/fr\/wp-content\/blogs.dir\/2\/files\/thompson-after\/thumbs\/thumbs_img_0201_4.jpg\"\n           data-image-id=\"8\"\n           data-title=\"img_0201_4\"\n           data-description=\"\"\n           class=\"shutterset_6d398169fd2e567861a80c817c8e8b3c\">\n\n            <img data-image-id='8'\n                 title=\"\"\n                 alt=\"img_0201_4\"\n                 src=\"https:\/\/fawcettviolins.co.uk\/fr\/wp-content\/blogs.dir\/2\/files\/thompson-after\/img_0201_4.jpg\"\n                 style=\"max-height: 580px;\"\/>\n        <\/a>\n\n        <\/div> \n<div id=\"ngg-image-4\" class=\"ngg-gallery-slideshow-image\" style=\"height:600px\">\n\n        <a href=\"https:\/\/fawcettviolins.co.uk\/fr\/wp-content\/blogs.dir\/2\/files\/thompson-after\/thompson-2.jpg\"\n           title=\"\"\n           data-src=\"https:\/\/fawcettviolins.co.uk\/fr\/wp-content\/blogs.dir\/2\/files\/thompson-after\/thompson-2.jpg\"\n           data-thumbnail=\"https:\/\/fawcettviolins.co.uk\/fr\/wp-content\/blogs.dir\/2\/files\/thompson-after\/thumbs\/thumbs_thompson-2.jpg\"\n           data-image-id=\"9\"\n           data-title=\"thompson-2\"\n           data-description=\"\"\n           class=\"shutterset_6d398169fd2e567861a80c817c8e8b3c\">\n\n            <img data-image-id='9'\n                 title=\"\"\n                 alt=\"thompson-2\"\n                 src=\"https:\/\/fawcettviolins.co.uk\/fr\/wp-content\/blogs.dir\/2\/files\/thompson-after\/thompson-2.jpg\"\n                 style=\"max-height: 580px;\"\/>\n        <\/a>\n\n        <\/div> \n<\/div>\n\n\n\n<\/p>\n","protected":false},"excerpt":{"rendered":"<p>La distinction entre r\u00e9paration et restauration peut \u00eatre subtile. Ce n\u2019est pas toujours une question d\u2019importance; par exemple un accident majeur peut entra\u00eener une r\u00e9paration longue et difficile. La restauration est d\u00e9finie par le besoin souvent pr\u00e9sent de red\u00e9faire des &hellip; <a href=\"https:\/\/fawcettviolins.co.uk\/fr\/atelier\/restauration\/\">Continuer la lecture <span class=\"meta-nav\">&rarr;<\/span><\/a><\/p>\n","protected":false},"author":1,"featured_media":0,"parent":124,"menu_order":2,"comment_status":"closed","ping_status":"closed","template":"","meta":{"ngg_post_thumbnail":0},"_links":{"self":[{"href":"https:\/\/fawcettviolins.co.uk\/fr\/wp-json\/wp\/v2\/pages\/46"}],"collection":[{"href":"https:\/\/fawcettviolins.co.uk\/fr\/wp-json\/wp\/v2\/pages"}],"about":[{"href":"https:\/\/fawcettviolins.co.uk\/fr\/wp-json\/wp\/v2\/types\/page"}],"author":[{"embeddable":true,"href":"https:\/\/fawcettviolins.co.uk\/fr\/wp-json\/wp\/v2\/users\/1"}],"replies":[{"embeddable":true,"href":"https:\/\/fawcettviolins.co.uk\/fr\/wp-json\/wp\/v2\/comments?post=46"}],"version-history":[{"count":8,"href":"https:\/\/fawcettviolins.co.uk\/fr\/wp-json\/wp\/v2\/pages\/46\/revisions"}],"predecessor-version":[{"id":127,"href":"https:\/\/fawcettviolins.co.uk\/fr\/wp-json\/wp\/v2\/pages\/46\/revisions\/127"}],"up":[{"embeddable":true,"href":"https:\/\/fawcettviolins.co.uk\/fr\/wp-json\/wp\/v2\/pages\/124"}],"wp:attachment":[{"href":"https:\/\/fawcettviolins.co.uk\/fr\/wp-json\/wp\/v2\/media?parent=46"}],"curies":[{"name":"wp","href":"https:\/\/api.w.org\/{rel}","templated":true}]}}