{"id":61,"date":"2012-06-22T19:54:01","date_gmt":"2012-06-22T20:54:01","guid":{"rendered":"http:\/\/fawcettviolins.co.uk\/fr\/?page_id=61"},"modified":"2018-11-22T14:16:57","modified_gmt":"2018-11-22T15:16:57","slug":"instruments-restaures","status":"publish","type":"page","link":"https:\/\/fawcettviolins.co.uk\/fr\/ventes\/instruments-restaures\/","title":{"rendered":"instruments restaur\u00e9s"},"content":{"rendered":"<p><strong>La plupart de nos r\u00e9parations et restaurations sont pour nos clients mais de temps en temps il se peut que nous ayons des&nbsp;instruments restaur\u00e9s \u00e0 vendre.<\/strong><\/p>\n<p><strong><a title=\"contact\" href=\"http:\/\/fawcettviolins.co.uk\/fr\/contact\/\">Contactez-nous<\/a> pour plus de pr\u00e9cisions.<\/strong><\/p>\n<p>Nous fournissons aussi des ensembles d&rsquo;\u00e9tude pour enfants et adultes avec montage et ajustage fait dans notre atelier.<\/p>\n","protected":false},"excerpt":{"rendered":"<p>La plupart de nos r\u00e9parations et restaurations sont pour nos clients mais de temps en temps il se peut que nous ayons des&nbsp;instruments restaur\u00e9s \u00e0 vendre. Contactez-nous pour plus de pr\u00e9cisions. Nous fournissons aussi des ensembles d&rsquo;\u00e9tude pour enfants et &hellip; <a href=\"https:\/\/fawcettviolins.co.uk\/fr\/ventes\/instruments-restaures\/\">Continuer la lecture <span class=\"meta-nav\">&rarr;<\/span><\/a><\/p>\n","protected":false},"author":1,"featured_media":0,"parent":57,"menu_order":2,"comment_status":"closed","ping_status":"closed","template":"","meta":{"ngg_post_thumbnail":0},"_links":{"self":[{"href":"https:\/\/fawcettviolins.co.uk\/fr\/wp-json\/wp\/v2\/pages\/61"}],"collection":[{"href":"https:\/\/fawcettviolins.co.uk\/fr\/wp-json\/wp\/v2\/pages"}],"about":[{"href":"https:\/\/fawcettviolins.co.uk\/fr\/wp-json\/wp\/v2\/types\/page"}],"author":[{"embeddable":true,"href":"https:\/\/fawcettviolins.co.uk\/fr\/wp-json\/wp\/v2\/users\/1"}],"replies":[{"embeddable":true,"href":"https:\/\/fawcettviolins.co.uk\/fr\/wp-json\/wp\/v2\/comments?post=61"}],"version-history":[{"count":18,"href":"https:\/\/fawcettviolins.co.uk\/fr\/wp-json\/wp\/v2\/pages\/61\/revisions"}],"predecessor-version":[{"id":188,"href":"https:\/\/fawcettviolins.co.uk\/fr\/wp-json\/wp\/v2\/pages\/61\/revisions\/188"}],"up":[{"embeddable":true,"href":"https:\/\/fawcettviolins.co.uk\/fr\/wp-json\/wp\/v2\/pages\/57"}],"wp:attachment":[{"href":"https:\/\/fawcettviolins.co.uk\/fr\/wp-json\/wp\/v2\/media?parent=61"}],"curies":[{"name":"wp","href":"https:\/\/api.w.org\/{rel}","templated":true}]}}