{"id":69,"date":"2012-06-22T21:29:03","date_gmt":"2012-06-22T22:29:03","guid":{"rendered":"http:\/\/fawcettviolins.co.uk\/fr\/?page_id=69"},"modified":"2021-12-30T18:08:43","modified_gmt":"2021-12-30T19:08:43","slug":"profils","status":"publish","type":"page","link":"https:\/\/fawcettviolins.co.uk\/fr\/profils\/","title":{"rendered":"profils"},"content":{"rendered":"<p><strong>Sylvie et James Fawcett<\/strong> ont \u00e9tudi\u00e9 tous les deux \u00e0 l\u2019\u00e9cole de lutherie de Newark et ont cr\u00e9\u00e9 ensemble un atelier en 1983 dans la campagne anglaise, leur permettant de se concentrer pleinement sur leur travail tout en \u00e9levant leur famille. Gagnant rapidement une r\u00e9putation pour leurs instruments neufs ainsi que leurs r\u00e9parations de qualit\u00e9, ils ont une approche commune pour tous les travaux entrepris, contrairement \u00e0 la plupart des couples qui ont tendance \u00e0 travailler s\u00e9par\u00e9ment. Leurs instruments neufs portent leur deux noms sur l\u2019\u00e9tiquette. D\u2019exp\u00e9rience, un oeil \u201caverti\u201d ne peut distinguer leur travail.<img loading=\"lazy\" class=\"alignright size-large wp-image-151\" src=\"https:\/\/fawcettviolins.co.uk\/fr\/wp-content\/uploads\/2012\/06\/bench-e1385562990710-1024x587.jpg\" alt=\"\" width=\"584\" height=\"334\" \/><\/p>\n<p><strong><img loading=\"lazy\" class=\"alignleft  wp-image-508\" title=\"\" src=\"https:\/\/fawcettviolins.co.uk\/wp-content\/uploads\/2012\/06\/faceS.jpg\" alt=\"\" width=\"73\" height=\"73\" \/><\/strong><\/p>\n<p><strong>Sylvie <\/strong>(n\u00e9e Flory) poursuivait des \u00e9tudes en classes pr\u00e9paratoires de Maths, Physique, Chimie au <a href=\"https:\/\/fr.wikipedia.org\/wiki\/Lyc\u00e9e_Janson_de_Sailly\" target=\"_blank\" rel=\"noopener\">Lyc\u00e9e Janson de Sailly<\/a> \u00e0 Paris lorsqu\u2019elle a d\u00e9cid\u00e9 d\u2019un changement radical de direction. Elle quitta la France pour aller vivre sur la c\u00f4te du Norfolk afin de gagner de l\u2019exp\u00e9rience dans le travail\u00a0du bois chez un \u00e9b\u00e9niste avant de passer une ann\u00e9e \u00e0 Cambridge chez le luthier Juliet Barker. Entr\u00e9e \u00e0 l\u2019\u00e9cole de lutherie de Newark en 1980, elle obtint son dipl\u00f4me avec f\u00e9licitations et la coupe de Ralph Oakden (attribu\u00e9e l\u2019ann\u00e9e pr\u00e9c\u00e9dente \u00e0 Karsten Brejnbjerg Christensen, et la suivante \u00e0 Patrick Robin).<\/p>\n<p><strong><img loading=\"lazy\" class=\"alignleft  wp-image-512\" title=\"\" src=\"https:\/\/fawcettviolins.co.uk\/wp-content\/uploads\/2012\/06\/faceJ.jpg\" alt=\"\" width=\"73\" height=\"73\" \/>James<\/strong> obtint en 1979 son dipl\u00f4me de Bachelor of Music au Goldsmiths\u2019 College de l\u2019Universit\u00e9 de Londres. Tandis qu\u2019il s\u2019y sp\u00e9cialisait dans la musique de l\u2019\u00e9poque baroque, son instrument principal \u00e9tait l\u2019alto, mais il prenait part \u00e0 la vie musicale en jouant aussi de la viole de gambe, du cor d\u2019harmonie et de l\u2019orgue. Passionn\u00e9 aussi par les instruments \u00e0 clavier, c\u2019est \u00e0 cette \u00e9poque qu\u2019il construisit son clavecin. Apr\u00e8s l\u2019Universit\u00e9, il entra \u00e0 l\u2019\u00e9cole de Newark en 1979 et en sortit avec un dipl\u00f4me avec m\u00e9rite.<\/p>\n<p>James et Sylvie s&rsquo;occupent de l\u2019organisation de concerts qui se d\u00e9roulent tous les ans dans les villages de Thornham Magna et Thornham Parva o\u00f9 James est aussi organiste.<\/p>\n<p><strong><br \/>\n<\/strong><\/p>\n","protected":false},"excerpt":{"rendered":"<p>Sylvie et James Fawcett ont \u00e9tudi\u00e9 tous les deux \u00e0 l\u2019\u00e9cole de lutherie de Newark et ont cr\u00e9\u00e9 ensemble un atelier en 1983 dans la campagne anglaise, leur permettant de se concentrer pleinement sur leur travail tout en \u00e9levant leur &hellip; <a href=\"https:\/\/fawcettviolins.co.uk\/fr\/profils\/\">Continuer la lecture <span class=\"meta-nav\">&rarr;<\/span><\/a><\/p>\n","protected":false},"author":1,"featured_media":0,"parent":0,"menu_order":6,"comment_status":"closed","ping_status":"closed","template":"","meta":{"ngg_post_thumbnail":0},"_links":{"self":[{"href":"https:\/\/fawcettviolins.co.uk\/fr\/wp-json\/wp\/v2\/pages\/69"}],"collection":[{"href":"https:\/\/fawcettviolins.co.uk\/fr\/wp-json\/wp\/v2\/pages"}],"about":[{"href":"https:\/\/fawcettviolins.co.uk\/fr\/wp-json\/wp\/v2\/types\/page"}],"author":[{"embeddable":true,"href":"https:\/\/fawcettviolins.co.uk\/fr\/wp-json\/wp\/v2\/users\/1"}],"replies":[{"embeddable":true,"href":"https:\/\/fawcettviolins.co.uk\/fr\/wp-json\/wp\/v2\/comments?post=69"}],"version-history":[{"count":11,"href":"https:\/\/fawcettviolins.co.uk\/fr\/wp-json\/wp\/v2\/pages\/69\/revisions"}],"predecessor-version":[{"id":196,"href":"https:\/\/fawcettviolins.co.uk\/fr\/wp-json\/wp\/v2\/pages\/69\/revisions\/196"}],"wp:attachment":[{"href":"https:\/\/fawcettviolins.co.uk\/fr\/wp-json\/wp\/v2\/media?parent=69"}],"curies":[{"name":"wp","href":"https:\/\/api.w.org\/{rel}","templated":true}]}}