{"id":84,"date":"2012-06-22T21:28:01","date_gmt":"2012-06-22T22:28:01","guid":{"rendered":"http:\/\/fawcettviolins.co.uk\/fr\/?page_id=84"},"modified":"2017-02-13T14:05:23","modified_gmt":"2017-02-13T15:05:23","slug":"plan","status":"publish","type":"page","link":"https:\/\/fawcettviolins.co.uk\/fr\/plan\/","title":{"rendered":"plan"},"content":{"rendered":"<p>Nous nous situons dans l&rsquo;Est de l&rsquo;Angleterre dans le village de Thornham Magna qui se trouve \u00e0 peu pr\u00e8s \u00e0 mi-chemin entre les grandes villes de Ipswich et Norwich. La ville de Diss est \u00e0 11 kilom\u00e8tres, sa gare est reli\u00e9 \u00e0 Londres par une service direct (90 min) avec un d\u00e9part toutes les demi-heures.<\/p>\n<p><iframe loading=\"lazy\" src=\"https:\/\/maps.google.co.uk\/maps?f=q&amp;source=s_q&amp;hl=en&amp;geocode=&amp;q=Sylvie+%26+James+Fawcett&amp;aq=&amp;sll=52.302004,1.075287&amp;sspn=0.005262,0.010171&amp;ie=UTF8&amp;hq=Sylvie+%26+James+Fawcett&amp;hnear=&amp;ll=52.302004,1.075287&amp;spn=0.005262,0.010171&amp;t=m&amp;output=embed\" width=\"425\" height=\"350\" frameborder=\"0\" marginwidth=\"0\" marginheight=\"0\" scrolling=\"no\"><\/iframe><br \/>\n<small><a style=\"color: #0000ff; text-align: left;\" href=\"https:\/\/maps.google.co.uk\/maps?f=q&amp;source=embed&amp;hl=en&amp;geocode=&amp;q=Sylvie+%26+James+Fawcett&amp;aq=&amp;sll=52.302004,1.075287&amp;sspn=0.005262,0.010171&amp;ie=UTF8&amp;hq=Sylvie+%26+James+Fawcett&amp;hnear=&amp;ll=52.302004,1.075287&amp;spn=0.005262,0.010171&amp;t=m\" target=\"_blank\">View Larger Map<\/a><\/small><\/p>\n","protected":false},"excerpt":{"rendered":"<p>Nous nous situons dans l&rsquo;Est de l&rsquo;Angleterre dans le village de Thornham Magna qui se trouve \u00e0 peu pr\u00e8s \u00e0 mi-chemin entre les grandes villes de Ipswich et Norwich. La ville de Diss est \u00e0 11 kilom\u00e8tres, sa gare est &hellip; <a href=\"https:\/\/fawcettviolins.co.uk\/fr\/plan\/\">Continuer la lecture <span class=\"meta-nav\">&rarr;<\/span><\/a><\/p>\n","protected":false},"author":1,"featured_media":0,"parent":0,"menu_order":9,"comment_status":"closed","ping_status":"closed","template":"","meta":{"ngg_post_thumbnail":0},"_links":{"self":[{"href":"https:\/\/fawcettviolins.co.uk\/fr\/wp-json\/wp\/v2\/pages\/84"}],"collection":[{"href":"https:\/\/fawcettviolins.co.uk\/fr\/wp-json\/wp\/v2\/pages"}],"about":[{"href":"https:\/\/fawcettviolins.co.uk\/fr\/wp-json\/wp\/v2\/types\/page"}],"author":[{"embeddable":true,"href":"https:\/\/fawcettviolins.co.uk\/fr\/wp-json\/wp\/v2\/users\/1"}],"replies":[{"embeddable":true,"href":"https:\/\/fawcettviolins.co.uk\/fr\/wp-json\/wp\/v2\/comments?post=84"}],"version-history":[{"count":8,"href":"https:\/\/fawcettviolins.co.uk\/fr\/wp-json\/wp\/v2\/pages\/84\/revisions"}],"predecessor-version":[{"id":185,"href":"https:\/\/fawcettviolins.co.uk\/fr\/wp-json\/wp\/v2\/pages\/84\/revisions\/185"}],"wp:attachment":[{"href":"https:\/\/fawcettviolins.co.uk\/fr\/wp-json\/wp\/v2\/media?parent=84"}],"curies":[{"name":"wp","href":"https:\/\/api.w.org\/{rel}","templated":true}]}}